{"id":8811,"date":"2022-12-13T19:07:31","date_gmt":"2022-12-13T16:07:31","guid":{"rendered":"https:\/\/hecturkey.com\/anasayfa\/"},"modified":"2024-12-30T14:28:14","modified_gmt":"2024-12-30T11:28:14","slug":"anasayfa","status":"publish","type":"page","link":"https:\/\/hecwelfaretravel.com\/tr\/","title":{"rendered":"Anasayfa"},"content":{"rendered":"<p>[vc_row full_width=&#8221;stretch_row&#8221; full_height=&#8221;yes&#8221; bg_attachment=&#8221;fixed&#8221; css=&#8221;.vc_custom_1700723979584{background-image: url(http:\/\/moddworks.top\/vitalistesvik\/wp-content\/uploads\/2023\/01\/slider.jpg?id=8762) !important;background-position: center !important;background-repeat: no-repeat !important;background-size: cover !important;}&#8221;][vc_column][\/vc_column][\/vc_row][vc_row el_id=&#8221;hakkimizda&#8221;][vc_column][vc_row_inner][vc_column_inner][vc_column_text css=&#8221;.vc_custom_1728904269441{margin-top: 50px !important;}&#8221;]<\/p>\n<h3 class=\"LC20lb MBeuO DKV0Md\" style=\"text-align: center;\">HEC WELFARE TRAVEL<\/h3>\n<p style=\"text-align: center;\">Tedavilerimizi sa\u011fl\u0131k turizmi yetki belgesine sahip anla\u015fmal\u0131 oldu\u011fumuz kurumlar\u0131m\u0131zca ger\u00e7ekle\u015ftirmekteyiz.<br \/>\nHEC SA\u011eLIK DANI\u015eMANLIK VE E\u011e\u0130T\u0130M H\u0130Z.T\u0130C.A.\u015e bir sa\u011fl\u0131k turizmi arac\u0131 kurulu\u015fudur.[\/vc_column_text][\/vc_column_inner][\/vc_row_inner][\/vc_column][\/vc_row][vc_section css=&#8221;.vc_custom_1705997860385{margin-top: 20px !important;}&#8221; el_id=&#8221;anlasmali-kurumlar&#8221;][vc_row][vc_column][vc_column_text]<\/p>\n<div class=\"uvc-main-heading ult-responsive\" data-ultimate-target=\".uvc-heading.ultimate-heading-832763985ec081038 h3\" data-responsive-json-new=\"{&quot;font-size&quot;:&quot;&quot;,&quot;line-height&quot;:&quot;&quot;}\">\n<h3 style=\"text-align: center;\">Anla\u015fmal\u0131 Kurumlar<\/h3>\n<\/div>\n<p>[\/vc_column_text][vc_column_text]<\/p>\n<p style=\"text-align: center;\">HEC WELFARE TRAVEL olarak \u00f6ncelikli odak noktam\u0131z, anla\u015fmal\u0131 sa\u011fl\u0131k kurumlar\u0131 ve doktorlarla i\u015f birli\u011fi yaparak yabanc\u0131 misafirlerimize m\u00fckemmel ve kaliteli hizmet sunmakt\u0131r. \u0130htiya\u00e7lar\u0131n\u0131 anlay\u0131p en uygun y\u00f6ntemleri se\u00e7meye \u00e7al\u0131\u015f\u0131rken, tek ba\u015far\u0131 kriterimiz onlar\u0131n memnuniyetini sa\u011flamakt\u0131r.<\/p>\n<p style=\"text-align: center;\">Bu nedenle T\u00fcrkiye&#8217;nin \u00f6nde gelen kurulu\u015flar\u0131yla i\u015fbirlikleri yaparak \u00fclkemizin turizmdeki de\u011ferini y\u00fckseltmeye devam ediyoruz.<\/p>\n<p>[\/vc_column_text][\/vc_column][\/vc_row][vc_row css=&#8221;.vc_custom_1705935182425{margin-top: 50px !important;}&#8221;][vc_column enable_link=&#8221;enable_column_link&#8221; width=&#8221;1\/3&#8243; link=&#8221;url:https%3A%2F%2Fwww.bhtclinic.com.tr%2F|||&#8221;][vc_single_image image=&#8221;8890&#8243;]<div  class=\"lqd-simple-heading-wrap ld_simple_heading_69e35a55b21f4\">\n<h3 class=\"lqd-simple-heading\">\n\t\u0130stanbul Tema Hastanesi<\/h3>\n<\/div>[vc_column_text]Tedavileriniz sa\u011fl\u0131k turizmi yetki belgesine sahip anla\u015fmal\u0131 sa\u011fl\u0131k kurulu\u015flar\u0131nda yap\u0131l\u0131r.[\/vc_column_text][\/vc_column][vc_column enable_link=&#8221;enable_column_link&#8221; width=&#8221;1\/3&#8243; link=&#8221;url:https%3A%2F%2Fwww.gophastanesi.com.tr%2F|||&#8221;][vc_single_image image=&#8221;8885&#8243;]<div  class=\"lqd-simple-heading-wrap ld_simple_heading_69e35a55b2839\">\n<h3 class=\"lqd-simple-heading\">\n\t\u00d6zel Gaziosmanpa\u015fa Yeniy\u00fczy\u0131l \u00dcniversitesi<\/h3>\n<\/div>[vc_column_text]Tedavileriniz sa\u011fl\u0131k turizmi yetki belgesine sahip anla\u015fmal\u0131 sa\u011fl\u0131k kurulu\u015flar\u0131nda yap\u0131l\u0131r.[\/vc_column_text][\/vc_column][vc_column enable_link=&#8221;enable_column_link&#8221; width=&#8221;1\/3&#8243; link=&#8221;url:https%3A%2F%2Freyaphastanesi.com.tr%2F|||&#8221;][vc_single_image image=&#8221;9002&#8243;]<div  class=\"lqd-simple-heading-wrap ld_simple_heading_69e35a55b2918\">\n<h3 class=\"lqd-simple-heading\">\n\tRumeli Hastanesi<\/h3>\n<\/div>[vc_column_text]Tedavileriniz sa\u011fl\u0131k turizmi yetki belgesine sahip anla\u015fmal\u0131 sa\u011fl\u0131k kurulu\u015flar\u0131nda yap\u0131l\u0131r.[\/vc_column_text][\/vc_column][\/vc_row][vc_row][vc_column]<style>.ld_spacer_69e35a55b29bb{height:100px;}<\/style>\n<div class=\"ld-empty-space ld_spacer_69e35a55b29bb\"><\/div>[\/vc_column][\/vc_row][\/vc_section][vc_row css=&#8221;.vc_custom_1700049019769{padding-top: 32px !important;padding-right: 32px !important;padding-bottom: 32px !important;padding-left: 32px !important;background-color: #3ec2d1 !important;}&#8221;][vc_column width=&#8221;2\/4&#8243;][vc_column_text]<\/p>\n<h2 style=\"color: white;\"><b>Bizi Aray\u0131n<\/b><\/h2>\n<h5 style=\"color: white;\">Bizi arayarak h\u0131zl\u0131 \u015fekilde ileti\u015fim kurabilirsiniz.<\/h5>\n<p>[\/vc_column_text][\/vc_column][vc_column width=&#8221;1\/4&#8243;][\/vc_column][vc_column width=&#8221;1\/4&#8243;]<style>.ld_button_69e35a55b2cb3.btn-icon-solid .btn-icon{background:rgb(122, 105, 175);}.ld_button_69e35a55b2cb3.btn-icon-circle.btn-icon-ripple .btn-icon:before{border-color:rgb(122, 105, 175);}.ld_button_69e35a55b2cb3{color:rgb(255, 255, 255);border-color:rgb(122, 105, 175);}.ld_button_69e35a55b2cb3:hover{background-color:rgb(122, 105, 175);color:rgb(0, 0, 0);}<\/style><a href=\"#\" class=\"btn btn-default btn-bordered border-thicker btn-has-label ld_button_69e35a55b2cb3 vc_custom_1705993410530\" >\n\t<span>\n\t\t\n\t\t\t\t\t<span class=\"btn-txt\" data-text=\"+90 552 980 28 41\" >+90 552 980 28 41<\/span>\n\t\t\t\n\t\t\t\t\t<\/span>\n<\/a>\n[\/vc_column][\/vc_row][vc_row responsive_css=&#8221;margin_top_large:2%25&#8243;][vc_column width=&#8221;2\/3&#8243;]<div  class=\"lqd-simple-heading-wrap ld_simple_heading_69e35a55b3b53\">\n<h2 class=\"lqd-simple-heading\">\n\t<\/p>\n<h3 style=\"text-align: center;\">Hizmetlerimiz<\/h3>\n<p><\/h2>\n<\/div>[\/vc_column][vc_column width=&#8221;1\/3&#8243;][\/vc_column][\/vc_row][vc_row el_id=&#8221;viphizmetler&#8221; responsive_css=&#8221;margin_top_large:2%25&#8243;][vc_column width=&#8221;1\/3&#8243;]<style>.ld_icon_box_69e35a55b3d66 .lqd-iconbox-title{margin-bottom:px;}.ld_icon_box_69e35a55b3d66 .iconbox-icon-container{border-radius:px;}<\/style>\n<div class=\"iconbox text-align-default ld_icon_box_69e35a55b3d66\" id=\"ld_icon_box_69e35a55b3d66\"  data-animate-icon=\"true\"  >\n\t\n\t\t\t\t\t\n\t\n\t<div class=\"iconbox-icon-wrap\"><span class=\"iconbox-icon-container\"><i class=\"fas fa-check\"><\/i><\/span><\/div>\t\n\t\t\n\t<div class=\"contents\">\t\n\t\t\n\t<h3 class=\"lqd-iconbox-title \">Transfer Hizmeti<\/h3>\t<p>Yurt i\u00e7i ve yurt d\u0131\u015f\u0131 lokasyonlardan gelen misafirlerimizi \u00f6zel \u015fof\u00f6rl\u00fc ara\u00e7lar\u0131m\u0131zla kar\u015f\u0131l\u0131yor ve g\u00fcvenli bir \u015fekilde transferini ger\u00e7ekle\u015ftiriyoruz.<\/p>\n\t\t\n\t<\/div>\t\n\t\n<\/div>\n<style>.ld_icon_box_69e35a55b4b5e .lqd-iconbox-title{margin-bottom:px;}.ld_icon_box_69e35a55b4b5e .iconbox-icon-container{border-radius:px;}<\/style>\n<div class=\"iconbox text-align-default ld_icon_box_69e35a55b4b5e\" id=\"ld_icon_box_69e35a55b4b5e\"  data-animate-icon=\"true\"  >\n\t\n\t\t\t\t\t\n\t\n\t<div class=\"iconbox-icon-wrap\"><span class=\"iconbox-icon-container\"><i class=\"fas fa-check\"><\/i><\/span><\/div>\t\n\t\t\n\t<div class=\"contents\">\t\n\t\t\n\t<h3 class=\"lqd-iconbox-title \">Seyahat Organizasyonu<\/h3>\t<p>Yolculu\u011funuz \u00f6ncesinde gerekli d\u00fczenlemeleri yap\u0131p seyahat planlaman\u0131z\u0131 ger\u00e7ekle\u015ftirmek i\u00e7in sizinle birlikte \u00e7al\u0131\u015f\u0131yoruz.<\/p>\n\t\t\n\t<\/div>\t\n\t\n<\/div>\n<style>.ld_icon_box_69e35a55b58b2 .lqd-iconbox-title{margin-bottom:px;}.ld_icon_box_69e35a55b58b2 .iconbox-icon-container{border-radius:px;}<\/style>\n<div class=\"iconbox text-align-default ld_icon_box_69e35a55b58b2\" id=\"ld_icon_box_69e35a55b58b2\"  data-animate-icon=\"true\"  >\n\t\n\t\t\t\t\t\n\t\n\t<div class=\"iconbox-icon-wrap\"><span class=\"iconbox-icon-container\"><i class=\"fas fa-check\"><\/i><\/span><\/div>\t\n\t\t\n\t<div class=\"contents\">\t\n\t\t\n\t<h3 class=\"lqd-iconbox-title \">Ki\u015fisel Asistan<\/h3>\t<p>Tedavi boyunca talebiniz do\u011frultusunda konusunda uzman terc\u00fcmanlar\u0131m\u0131z size e\u015flik ederek konforunuzu sa\u011flayacakt\u0131r.<\/p>\n\t\t\n\t<\/div>\t\n\t\n<\/div>\n[\/vc_column][vc_column width=&#8221;1\/3&#8243;]<style>.ld_icon_box_69e35a55b5dc7 .lqd-iconbox-title{margin-bottom:px;}.ld_icon_box_69e35a55b5dc7 .iconbox-icon-container{border-radius:px;}<\/style>\n<div class=\"iconbox text-align-default ld_icon_box_69e35a55b5dc7\" id=\"ld_icon_box_69e35a55b5dc7\"  data-animate-icon=\"true\"  >\n\t\n\t\t\t\t\t\n\t\n\t<div class=\"iconbox-icon-wrap\"><span class=\"iconbox-icon-container\"><i class=\"fas fa-check\"><\/i><\/span><\/div>\t\n\t\t\n\t<div class=\"contents\">\t\n\t\t\n\t<h3 class=\"lqd-iconbox-title \">Konaklama Hizmeti<\/h3>\t<p>Anla\u015fmal\u0131 oldu\u011fumuz 4 ve 5 y\u0131ld\u0131zl\u0131 otellerimizde g\u00fcvenilir, konforlu ve l\u00fcks bir konaklama deneyimi sizi bekliyor.<\/p>\n\t\t\n\t<\/div>\t\n\t\n<\/div>\n<style>.ld_icon_box_69e35a55b60bc .lqd-iconbox-title{margin-bottom:px;}.ld_icon_box_69e35a55b60bc .iconbox-icon-container{border-radius:px;}<\/style>\n<div class=\"iconbox text-align-default ld_icon_box_69e35a55b60bc\" id=\"ld_icon_box_69e35a55b60bc\"  data-animate-icon=\"true\"  >\n\t\n\t\t\t\t\t\n\t\n\t<div class=\"iconbox-icon-wrap\"><span class=\"iconbox-icon-container\"><i class=\"fas fa-check\"><\/i><\/span><\/div>\t\n\t\t\n\t<div class=\"contents\">\t\n\t\t\n\t<h3 class=\"lqd-iconbox-title \">Biletleme Hizmeti<\/h3>\t<p>Var\u0131\u015f ve ayr\u0131l\u0131\u015f tarihlerinize ait zamanlamay\u0131 titizlikle planlayarak sizlere en do\u011fru biletleme hizmetini sunuyoruz.<\/p>\n\t\t\n\t<\/div>\t\n\t\n<\/div>\n<style>.ld_icon_box_69e35a55b6312 .lqd-iconbox-title{margin-bottom:px;}.ld_icon_box_69e35a55b6312 .iconbox-icon-container{border-radius:px;}<\/style>\n<div class=\"iconbox text-align-default ld_icon_box_69e35a55b6312\" id=\"ld_icon_box_69e35a55b6312\"  data-animate-icon=\"true\"  >\n\t\n\t\t\t\t\t\n\t\n\t<div class=\"iconbox-icon-wrap\"><span class=\"iconbox-icon-container\"><i class=\"fas fa-check\"><\/i><\/span><\/div>\t\n\t\t\n\t<div class=\"contents\">\t\n\t\t\n\t<h3 class=\"lqd-iconbox-title \">Turist Gezileri<\/h3>\t<p>Tedaviniz s\u0131ras\u0131nda \u015fehrin keyifli ve tarihi mekanlar\u0131n\u0131 ke\u015ffetmeniz i\u00e7in e\u011flenceli turlar d\u00fczenlenmektedir.<\/p>\n\t\t\n\t<\/div>\t\n\t\n<\/div>\n[\/vc_column][vc_column width=&#8221;1\/3&#8243;][vc_single_image image=&#8221;8215&#8243;][\/vc_column][\/vc_row][vc_row][vc_column]<div  class=\"lqd-simple-heading-wrap ld_simple_heading_69e35a55b64ba\">\n<h2 class=\"lqd-simple-heading\">\n\t<\/p>\n<h3 style=\"text-align: center;\">En \u00d6nemli Turistik B\u00f6lgeler<\/h3>\n<p><\/h2>\n<\/div>[\/vc_column][\/vc_row][vc_row][vc_column width=&#8221;1\/3&#8243;][vc_single_image image=&#8221;8914&#8243;][\/vc_column][vc_column width=&#8221;1\/3&#8243;][vc_single_image image=&#8221;8918&#8243;][\/vc_column][vc_column width=&#8221;1\/3&#8243;][vc_single_image image=&#8221;8926&#8243;][\/vc_column][\/vc_row][vc_row][vc_column width=&#8221;1\/3&#8243;][vc_single_image image=&#8221;8922&#8243;][\/vc_column][vc_column width=&#8221;1\/3&#8243;][vc_single_image image=&#8221;8930&#8243;][\/vc_column][vc_column width=&#8221;1\/3&#8243;][vc_single_image image=&#8221;8934&#8243;][\/vc_column][\/vc_row][vc_row css=&#8221;.vc_custom_1700664940627{margin-top: 4% !important;}&#8221; el_id=&#8221;iletisim&#8221;][vc_column width=&#8221;1\/2&#8243;]<div id=\"ld_cf7_69e35a55b65b8\" class=\"lqd-contact-form ld_cf7_69e35a55b65b8\">\n\t\n<div class=\"wpcf7 no-js\" id=\"wpcf7-f8818-o1\" lang=\"tr-TR\" dir=\"ltr\">\n<div class=\"screen-reader-response\"><p role=\"status\" aria-live=\"polite\" aria-atomic=\"true\"><\/p> <ul><\/ul><\/div>\n<form action=\"\/tr\/wp-json\/wp\/v2\/pages\/8811#wpcf7-f8818-o1\" method=\"post\" class=\"wpcf7-form init\" aria-label=\"Contact form\" novalidate=\"novalidate\" data-status=\"init\">\n<div style=\"display: none;\">\n<input type=\"hidden\" name=\"_wpcf7\" value=\"8818\" \/>\n<input type=\"hidden\" name=\"_wpcf7_version\" value=\"5.8.6\" \/>\n<input type=\"hidden\" name=\"_wpcf7_locale\" value=\"tr_TR\" \/>\n<input type=\"hidden\" name=\"_wpcf7_unit_tag\" value=\"wpcf7-f8818-o1\" \/>\n<input type=\"hidden\" name=\"_wpcf7_container_post\" value=\"0\" \/>\n<input type=\"hidden\" name=\"_wpcf7_posted_data_hash\" value=\"\" \/>\n<\/div>\n<div class=\"row\">\n\t<p><label class=\"col-md-12\"><span class=\"wpcf7-form-control-wrap\" data-name=\"your-name\"><input size=\"40\" class=\"wpcf7-form-control wpcf7-text wpcf7-validates-as-required\" aria-required=\"true\" aria-invalid=\"false\" placeholder=\"Ad Soyad\" value=\"\" type=\"text\" name=\"your-name\" \/><\/span><\/label><br \/>\n<label class=\"col-md-12\"><span class=\"wpcf7-form-control-wrap\" data-name=\"your-email\"><input size=\"40\" class=\"wpcf7-form-control wpcf7-email wpcf7-validates-as-required wpcf7-text wpcf7-validates-as-email\" aria-required=\"true\" aria-invalid=\"false\" placeholder=\"E-Mail\" value=\"\" type=\"email\" name=\"your-email\" \/><\/span><\/label><br \/>\n<label class=\"col-md-12\"><span class=\"wpcf7-form-control-wrap\" data-name=\"your-subject\"><input size=\"40\" class=\"wpcf7-form-control wpcf7-text wpcf7-validates-as-required\" aria-required=\"true\" aria-invalid=\"false\" placeholder=\"Konu\" value=\"\" type=\"text\" name=\"your-subject\" \/><\/span><\/label><br \/>\n<label class=\"col-md-12\"><span class=\"wpcf7-form-control-wrap\" data-name=\"your-message\"><textarea cols=\"40\" rows=\"10\" class=\"wpcf7-form-control wpcf7-textarea\" aria-invalid=\"false\" placeholder=\"Mesaj\" name=\"your-message\"><\/textarea><\/span><\/label>\n\t<\/p>\n\t<div class=\"col-md-12\">\n\t\t<p><input class=\"wpcf7-form-control wpcf7-submit has-spinner\" type=\"submit\" value=\"G\u00f6nder\" \/>\n\t\t<\/p>\n\t<\/div>\n<\/div><div class=\"wpcf7-response-output\" aria-hidden=\"true\"><\/div>\n<\/form>\n<\/div>\n<\/div>[\/vc_column][vc_column width=&#8221;1\/2&#8243; responsive_css=&#8221;margin_top_large:10%25&#8243;][vc_column_text]<\/p>\n<h4>\u0130leti\u015fim Bilgileri<\/h4>\n<p>[\/vc_column_text][vc_column_text]Adres: ATAT\u00dcRK MAH. A\u015e\u0130NA SOK. NO:38\/2 K\u00dc\u00c7\u00dcK\u00c7EKMECE \u0130STANBUL<br \/>\nTelefon:+90 552 980 28 41<br \/>\nE-Posta: info@hecturkey.com<br \/>\n\u00c7al\u0131\u015fma Saatleri: 7\/24[\/vc_column_text][vc_column_text css=&#8221;.vc_custom_1705993393490{margin-top: 3% !important;}&#8221;]<\/p>\n<h4>Banka Bilgileri<\/h4>\n<p>HEC SA\u011eLIK DANI\u015eMANLIK VE E\u011e\u0130T\u0130M H\u0130Z.T\u0130C.A.\u015e VAKIFBANK MEC\u0130D\u0130YEK\u00d6Y<\/p>\n<p>TL HESABI: TR230001500158007317021577<\/p>\n<p>USD HESABI: TR820001500158048021859179<\/p>\n<p>USD HESABI:: TR840001500158048021859240[\/vc_column_text][\/vc_column][\/vc_row]<\/p>\n","protected":false},"excerpt":{"rendered":"<p>[vc_row full_width=&#8221;stretch_row&#8221; full_height=&#8221;yes&#8221; bg_attachment=&#8221;fixed&#8221; css=&#8221;.vc_custom_1700723979584{background-image: url(http:\/\/moddworks.top\/vitalistesvik\/wp-content\/uploads\/2023\/01\/slider.jpg?id=8762) !important;background-position: center !important;background-repeat: no-repeat !important;background-size: cover !important;}&#8221;][vc_column][\/vc_column][\/vc_row][vc_row el_id=&#8221;hakkimizda&#8221;][vc_column][vc_row_inner][vc_column_inner][vc_column_text css=&#8221;.vc_custom_1728904269441{margin-top: 50px !important;}&#8221;] HEC WELFARE TRAVEL Tedavilerimizi sa\u011fl\u0131k turizmi yetki belgesine sahip anla\u015fmal\u0131 oldu\u011fumuz kurumlar\u0131m\u0131zca ger\u00e7ekle\u015ftirmekteyiz. HEC SA\u011eLIK DANI\u015eMANLIK VE E\u011e\u0130T\u0130M H\u0130Z.T\u0130C.A.\u015e bir sa\u011fl\u0131k turizmi arac\u0131 kurulu\u015fudur.[\/vc_column_text][\/vc_column_inner][\/vc_row_inner][\/vc_column][\/vc_row][vc_section css=&#8221;.vc_custom_1705997860385{margin-top: 20px !important;}&#8221; el_id=&#8221;anlasmali-kurumlar&#8221;][vc_row][vc_column][vc_column_text] Anla\u015fmal\u0131 Kurumlar [\/vc_column_text][vc_column_text] HEC WELFARE TRAVEL olarak \u00f6ncelikli odak noktam\u0131z, [&hellip;]<\/p>\n","protected":false},"author":1,"featured_media":0,"parent":0,"menu_order":0,"comment_status":"closed","ping_status":"closed","template":"","meta":{"footnotes":""},"class_list":["post-8811","page","type-page","status-publish","hentry"],"_links":{"self":[{"href":"https:\/\/hecwelfaretravel.com\/tr\/wp-json\/wp\/v2\/pages\/8811","targetHints":{"allow":["GET"]}}],"collection":[{"href":"https:\/\/hecwelfaretravel.com\/tr\/wp-json\/wp\/v2\/pages"}],"about":[{"href":"https:\/\/hecwelfaretravel.com\/tr\/wp-json\/wp\/v2\/types\/page"}],"author":[{"embeddable":true,"href":"https:\/\/hecwelfaretravel.com\/tr\/wp-json\/wp\/v2\/users\/1"}],"replies":[{"embeddable":true,"href":"https:\/\/hecwelfaretravel.com\/tr\/wp-json\/wp\/v2\/comments?post=8811"}],"version-history":[{"count":15,"href":"https:\/\/hecwelfaretravel.com\/tr\/wp-json\/wp\/v2\/pages\/8811\/revisions"}],"predecessor-version":[{"id":9007,"href":"https:\/\/hecwelfaretravel.com\/tr\/wp-json\/wp\/v2\/pages\/8811\/revisions\/9007"}],"wp:attachment":[{"href":"https:\/\/hecwelfaretravel.com\/tr\/wp-json\/wp\/v2\/media?parent=8811"}],"curies":[{"name":"wp","href":"https:\/\/api.w.org\/{rel}","templated":true}]}}